{"id":1845,"date":"2024-03-11T10:24:22","date_gmt":"2024-03-11T09:24:22","guid":{"rendered":"https:\/\/freshstream.com\/home\/"},"modified":"2026-01-26T18:09:39","modified_gmt":"2026-01-26T17:09:39","slug":"home","status":"publish","type":"page","link":"https:\/\/freshstream.com\/fr\/","title":{"rendered":"Home"},"content":{"rendered":"\n\n<div class=\"block block-values\" data-name=\"Values\" id=\"block_0ba80012af14c85515c6fb1d6f7b2699\">\n    <div class=\"values\">\n\n        <div class=\"intro container\">\n            <div class=\"col col-text\">\n                <p class=\"title h2\">\n                    Nos valeurs                <\/p>\n                <p class=\"text\">\n                    Nos valeurs guident chacune de nos actions et se refl\u00e8tent dans notre mani\u00e8re de travailler.                <\/p>\n            <\/div>\n            <div class=\"col col-button\">\n                            <\/div>\n        <\/div>\n\n        <div class=\"faq-container container\">\n\n\n            <div class=\"col col-image\">\n                <div class=\"image\">\n                            <picture>\n            <source media=\"(max-width:600px)\" srcset=\"https:\/\/freshstream.com\/wp-content\/uploads\/2024\/05\/Group-photo-_M1A3509-002-800x534.png\">\n            <img loading=\"lazy\" decoding=\"async\"\n                src=\"https:\/\/freshstream.com\/wp-content\/uploads\/2024\/05\/Group-photo-_M1A3509-002.png\"\n                width=\"800\"\n                height=\"534\"\n                alt=\"group photo _m1a3509 (002)\"\n                class=\"\"\n            \/>\n        <\/picture>\n                    <\/div>\n            <\/div>\n\n            <div class=\"col\">\n                <div class=\"question-wrapper\">\n                                            <div class=\"question-container open\">\n                            <div class=\"question\"\n                                data-value-image=\"https:\/\/freshstream.com\/wp-content\/uploads\/2024\/05\/Group-photo-_M1A3509-002.png\"\n                                data-value-image-mobile=\"https:\/\/freshstream.com\/wp-content\/uploads\/2024\/05\/Group-photo-_M1A3509-002-800x534.png\">\n                                <div class=\"button-dropdown\">\n                                    <svg xmlns=\"http:\/\/www.w3.org\/2000\/svg\" width=\"12.6\" height=\"12.63\" viewBox=\"0 0 12.6 12.63\">\n\t<path id=\"Path_11813\" data-name=\"Path 11813\" d=\"M13.56-10.17a.265.265,0,0,1,.3.3v.78a.265.265,0,0,1-.3.3H8.37a.106.106,0,0,0-.12.12V-3.6a.265.265,0,0,1-.3.3H7.17a.265.265,0,0,1-.3-.3V-8.67a.106.106,0,0,0-.12-.12H1.56a.265.265,0,0,1-.3-.3v-.78a.265.265,0,0,1,.3-.3H6.75a.106.106,0,0,0,.12-.12v-5.34a.265.265,0,0,1,.3-.3h.78a.265.265,0,0,1,.3.3v5.34a.106.106,0,0,0,.12.12Z\" transform=\"translate(-1.26 15.93)\" \/>\n<\/svg>\n                                    <svg xmlns=\"http:\/\/www.w3.org\/2000\/svg\" width=\"12\" height=\"1.2\" viewBox=\"0 0 12 1.2\">\n\t<line id=\"Line_31\" data-name=\"Line 31\" x2=\"12\" transform=\"translate(0 0.6)\" fill=\"none\" stroke=\"#6d7884\" stroke-width=\"1.2\" \/>\n<\/svg>\n                                <\/div>\n                                <p class=\"question-text h6\">\n                                    Confiance                                <\/p>\n                            <\/div>\n                            <div class=\"answer\">\n                                <div class=\"answer-wrapper\">\n                                    <ul>\n<li>Nous nous engageons \u00e0 m\u00e9riter la confiance des entrepreneurs qui nous confient leurs entreprises.<\/li>\n<li>Nos investisseurs comptent sur nous, et nous nous effor\u00e7ons de prot\u00e9ger leurs int\u00e9r\u00eats.<\/li>\n<li>Nous nous soutenons en \u00e9quipe et prenons plaisir \u00e0 collaborer.<\/li>\n<li>Nous honorons nos engagements.<\/li>\n<\/ul>\n                                <\/div>\n                            <\/div>\n                        <\/div>\n                                            <div class=\"question-container \">\n                            <div class=\"question\"\n                                data-value-image=\"https:\/\/freshstream.com\/wp-content\/uploads\/2024\/05\/Group-photo-_M1A3509-002.png\"\n                                data-value-image-mobile=\"https:\/\/freshstream.com\/wp-content\/uploads\/2024\/05\/Group-photo-_M1A3509-002-800x534.png\">\n                                <div class=\"button-dropdown\">\n                                    <svg xmlns=\"http:\/\/www.w3.org\/2000\/svg\" width=\"12.6\" height=\"12.63\" viewBox=\"0 0 12.6 12.63\">\n\t<path id=\"Path_11813\" data-name=\"Path 11813\" d=\"M13.56-10.17a.265.265,0,0,1,.3.3v.78a.265.265,0,0,1-.3.3H8.37a.106.106,0,0,0-.12.12V-3.6a.265.265,0,0,1-.3.3H7.17a.265.265,0,0,1-.3-.3V-8.67a.106.106,0,0,0-.12-.12H1.56a.265.265,0,0,1-.3-.3v-.78a.265.265,0,0,1,.3-.3H6.75a.106.106,0,0,0,.12-.12v-5.34a.265.265,0,0,1,.3-.3h.78a.265.265,0,0,1,.3.3v5.34a.106.106,0,0,0,.12.12Z\" transform=\"translate(-1.26 15.93)\" \/>\n<\/svg>\n                                    <svg xmlns=\"http:\/\/www.w3.org\/2000\/svg\" width=\"12\" height=\"1.2\" viewBox=\"0 0 12 1.2\">\n\t<line id=\"Line_31\" data-name=\"Line 31\" x2=\"12\" transform=\"translate(0 0.6)\" fill=\"none\" stroke=\"#6d7884\" stroke-width=\"1.2\" \/>\n<\/svg>\n                                <\/div>\n                                <p class=\"question-text h6\">\n                                    Esprit entrepreneurial                                <\/p>\n                            <\/div>\n                            <div class=\"answer\">\n                                <div class=\"answer-wrapper\">\n                                    <ul>\n<li>Nous sommes ambitieux et visons l\u2019excellence pour nous-m\u00eames et nos entreprises en portefeuille.<\/li>\n<li>Nous sommes pers\u00e9v\u00e9rants et savons que le succ\u00e8s s\u2019obtient rarement du premier coup.<\/li>\n<li>Nous restons concentr\u00e9s sur ce qui fait r\u00e9ellement la diff\u00e9rence.<\/li>\n<li>Nous privil\u00e9gions l\u2019action : en cas de doute, nous essayons toujours.<\/li>\n<\/ul>\n                                <\/div>\n                            <\/div>\n                        <\/div>\n                                            <div class=\"question-container \">\n                            <div class=\"question\"\n                                data-value-image=\"https:\/\/freshstream.com\/wp-content\/uploads\/2024\/05\/Group-photo-_M1A3509-002.png\"\n                                data-value-image-mobile=\"https:\/\/freshstream.com\/wp-content\/uploads\/2024\/05\/Group-photo-_M1A3509-002-800x534.png\">\n                                <div class=\"button-dropdown\">\n                                    <svg xmlns=\"http:\/\/www.w3.org\/2000\/svg\" width=\"12.6\" height=\"12.63\" viewBox=\"0 0 12.6 12.63\">\n\t<path id=\"Path_11813\" data-name=\"Path 11813\" d=\"M13.56-10.17a.265.265,0,0,1,.3.3v.78a.265.265,0,0,1-.3.3H8.37a.106.106,0,0,0-.12.12V-3.6a.265.265,0,0,1-.3.3H7.17a.265.265,0,0,1-.3-.3V-8.67a.106.106,0,0,0-.12-.12H1.56a.265.265,0,0,1-.3-.3v-.78a.265.265,0,0,1,.3-.3H6.75a.106.106,0,0,0,.12-.12v-5.34a.265.265,0,0,1,.3-.3h.78a.265.265,0,0,1,.3.3v5.34a.106.106,0,0,0,.12.12Z\" transform=\"translate(-1.26 15.93)\" \/>\n<\/svg>\n                                    <svg xmlns=\"http:\/\/www.w3.org\/2000\/svg\" width=\"12\" height=\"1.2\" viewBox=\"0 0 12 1.2\">\n\t<line id=\"Line_31\" data-name=\"Line 31\" x2=\"12\" transform=\"translate(0 0.6)\" fill=\"none\" stroke=\"#6d7884\" stroke-width=\"1.2\" \/>\n<\/svg>\n                                <\/div>\n                                <p class=\"question-text h6\">\n                                    Respect                                <\/p>\n                            <\/div>\n                            <div class=\"answer\">\n                                <div class=\"answer-wrapper\">\n                                    <ul>\n<li>Nous respectons l\u2019exp\u00e9rience et les connaissances des dirigeants avec lesquels nous collaborons.<\/li>\n<li>Nous encourageons un dialogue ouvert et respectueux, y compris en cas de d\u00e9saccord.<\/li>\n<li>Nous avons \u00e0 c\u0153ur de contribuer positivement \u00e0 l\u2019environnement et aux communaut\u00e9s dans lesquelles nous op\u00e9rons.<\/li>\n<\/ul>\n                                <\/div>\n                            <\/div>\n                        <\/div>\n                                            <div class=\"question-container \">\n                            <div class=\"question\"\n                                data-value-image=\"https:\/\/freshstream.com\/wp-content\/uploads\/2024\/05\/Group-photo-_M1A3509-002.png\"\n                                data-value-image-mobile=\"https:\/\/freshstream.com\/wp-content\/uploads\/2024\/05\/Group-photo-_M1A3509-002-800x534.png\">\n                                <div class=\"button-dropdown\">\n                                    <svg xmlns=\"http:\/\/www.w3.org\/2000\/svg\" width=\"12.6\" height=\"12.63\" viewBox=\"0 0 12.6 12.63\">\n\t<path id=\"Path_11813\" data-name=\"Path 11813\" d=\"M13.56-10.17a.265.265,0,0,1,.3.3v.78a.265.265,0,0,1-.3.3H8.37a.106.106,0,0,0-.12.12V-3.6a.265.265,0,0,1-.3.3H7.17a.265.265,0,0,1-.3-.3V-8.67a.106.106,0,0,0-.12-.12H1.56a.265.265,0,0,1-.3-.3v-.78a.265.265,0,0,1,.3-.3H6.75a.106.106,0,0,0,.12-.12v-5.34a.265.265,0,0,1,.3-.3h.78a.265.265,0,0,1,.3.3v5.34a.106.106,0,0,0,.12.12Z\" transform=\"translate(-1.26 15.93)\" \/>\n<\/svg>\n                                    <svg xmlns=\"http:\/\/www.w3.org\/2000\/svg\" width=\"12\" height=\"1.2\" viewBox=\"0 0 12 1.2\">\n\t<line id=\"Line_31\" data-name=\"Line 31\" x2=\"12\" transform=\"translate(0 0.6)\" fill=\"none\" stroke=\"#6d7884\" stroke-width=\"1.2\" \/>\n<\/svg>\n                                <\/div>\n                                <p class=\"question-text h6\">\n                                    Curiosit\u00e9                                <\/p>\n                            <\/div>\n                            <div class=\"answer\">\n                                <div class=\"answer-wrapper\">\n                                    <ul>\n<li>Nous cherchons \u00e0 comprendre en profondeur les entreprises et les secteurs dans lesquels nous investissons.<\/li>\n<li>Nous remettons en question les id\u00e9es re\u00e7ues et explorons sans cesse de nouvelles approches.<\/li>\n<li>Nous nous appuyons sur les faits et les donn\u00e9es, pas sur les opinions.<\/li>\n<\/ul>\n                                <\/div>\n                            <\/div>\n                        <\/div>\n                                            <div class=\"question-container \">\n                            <div class=\"question\"\n                                data-value-image=\"https:\/\/freshstream.com\/wp-content\/uploads\/2024\/05\/Group-photo-_M1A3509-002.png\"\n                                data-value-image-mobile=\"https:\/\/freshstream.com\/wp-content\/uploads\/2024\/05\/Group-photo-_M1A3509-002-800x534.png\">\n                                <div class=\"button-dropdown\">\n                                    <svg xmlns=\"http:\/\/www.w3.org\/2000\/svg\" width=\"12.6\" height=\"12.63\" viewBox=\"0 0 12.6 12.63\">\n\t<path id=\"Path_11813\" data-name=\"Path 11813\" d=\"M13.56-10.17a.265.265,0,0,1,.3.3v.78a.265.265,0,0,1-.3.3H8.37a.106.106,0,0,0-.12.12V-3.6a.265.265,0,0,1-.3.3H7.17a.265.265,0,0,1-.3-.3V-8.67a.106.106,0,0,0-.12-.12H1.56a.265.265,0,0,1-.3-.3v-.78a.265.265,0,0,1,.3-.3H6.75a.106.106,0,0,0,.12-.12v-5.34a.265.265,0,0,1,.3-.3h.78a.265.265,0,0,1,.3.3v5.34a.106.106,0,0,0,.12.12Z\" transform=\"translate(-1.26 15.93)\" \/>\n<\/svg>\n                                    <svg xmlns=\"http:\/\/www.w3.org\/2000\/svg\" width=\"12\" height=\"1.2\" viewBox=\"0 0 12 1.2\">\n\t<line id=\"Line_31\" data-name=\"Line 31\" x2=\"12\" transform=\"translate(0 0.6)\" fill=\"none\" stroke=\"#6d7884\" stroke-width=\"1.2\" \/>\n<\/svg>\n                                <\/div>\n                                <p class=\"question-text h6\">\n                                    Humilit\u00e9                                <\/p>\n                            <\/div>\n                            <div class=\"answer\">\n                                <div class=\"answer-wrapper\">\n                                    <ul>\n<li>Nous n\u2019avons pas toutes les r\u00e9ponses : nous \u00e9coutons avant de parler.<\/li>\n<li>Le succ\u00e8s n\u2019est jamais garanti : nous nous effor\u00e7ons de prouver notre valeur \u00e0 chaque interaction.<\/li>\n<li>Nous assumons nos erreurs et en tirons des enseignements.<\/li>\n<\/ul>\n                                <\/div>\n                            <\/div>\n                        <\/div>\n                                    <\/div>\n            <\/div>\n        <\/div>\n    <\/div>\n<\/div>\n\n\n<div class=\"block block-image-text image-right image-fit-cover\" data-name=\"Image &#038; Text\" id=\"block_30ef12444d8742d65467d85e2e718249\">\n    <div class=\"image-text trigger-in-view-later\">\n        <div class=\"container\">\n                            <div class=\"image fade\">\n                            <picture>\n            <source media=\"(max-width:600px)\" srcset=\"https:\/\/freshstream.com\/wp-content\/uploads\/2024\/04\/Freshstream_M1A4893-800x549.jpg\">\n            <img loading=\"lazy\" decoding=\"async\"\n                src=\"https:\/\/freshstream.com\/wp-content\/uploads\/2024\/04\/Freshstream_M1A4893.jpg\"\n                width=\"800\"\n                height=\"549\"\n                alt=\"freshstream_m1a4893\"\n                class=\"\"\n            \/>\n        <\/picture>\n                                        <\/div>\n            \n            <div class=\"text-wrapper\">\n                                    <h4 class=\"title h2 fade\">\n                        Cr\u00e9ation de valeur                    <\/h4>\n                                <div class=\"text block-text-content fade\">\n                    <p>Chez Freshstream, nous sommes passionn\u00e9s par le soutien aux entrepreneurs pour acc\u00e9l\u00e9rer la croissance de leurs entreprises et les rendre p\u00e9rennes. Notre engagement ne se limite pas \u00e0 la salle de r\u00e9union : nous sommes pr\u00e9sents sur le terrain, l\u00e0 o\u00f9 cela compte. Nous apportons des id\u00e9es, de l\u2019exp\u00e9rience, des connexions et surtout du temps et des efforts pour transformer les ambitions en succ\u00e8s concrets.<\/p>\n                <\/div>\n                                <div class=\"button-wrapper fade-in\">\n                                            \n            <a class=\"button default\"\n            href=\"https:\/\/freshstream.com\/fr\/creation-de-valeur\/\"\n            target=\"\"\n                    >\n            EN SAVOIR PLUS\n                    <\/a>\n    \n                                                            <\/div>\n                            <\/div>\n        <\/div>\n    <\/div>\n<\/div>\n\n\n<div class=\"block block-news\" data-name=\"News\" id=\"block_02955ddf9cc79dea2b7f0cd34634ba05\">\n    <div class=\"news border-bottom trigger-in-view-later\">\n        <div class=\"container\">\n            <h3 class=\"title h2 fade\">\n                Actualit\u00e9s            <\/h3>\n            <div class=\"button-container fade\">\n                \n            <a class=\"button ghost\"\n            href=\"https:\/\/freshstream.com\/fr\/actualites\/\"\n            target=\"\"\n                    >\n            PLUS D\u2019ACTUALIT\u00c9S\n                    <\/a>\n    \n                <\/div>\n        <\/div>\n\n        <div class=\"container\">\n            <div class=\"swiper-container news-swiper\">\n                <div class=\"swiper-wrapper\">\n                                            <div class=\"swiper-slide fade-right\">\n                            \n<a class=\"card-news card-hover\" href=\"https:\/\/freshstream.com\/fr\/freshstream-raises-over-e760-million-in-first-independent-fundraise\/\">\n    <div class=\"image\">\n                <picture>\n            <source media=\"(max-width:600px)\" srcset=\"https:\/\/freshstream.com\/wp-content\/uploads\/2024\/04\/Freshstream-About-Strategy-800x600.jpg\">\n            <img loading=\"lazy\" decoding=\"async\"\n                src=\"https:\/\/freshstream.com\/wp-content\/uploads\/2024\/04\/Freshstream-About-Strategy-1200x900.jpg\"\n                width=\"800\"\n                height=\"600\"\n                alt=\"freshstream-about-strategy\"\n                class=\"\"\n            \/>\n        <\/picture>\n            <span class=\"read-more\">\n            En savoir plus        <\/span>\n    <\/div>\n    <div class=\"inner-container\">\n        <p class=\"date\">\n            2026.03.23        <\/p>\n        <p class=\"title h5\">\n            Freshstream raises over \u20ac760 million in first independent fundraise        <\/p>\n        <p class=\"text\">\n                    <\/p>\n\n        <!-- <p class=\"button-link\"><\/p> -->\n    <\/div>\n<\/a>                        <\/div>\n                                            <div class=\"swiper-slide fade-right\">\n                            \n<a class=\"card-news card-hover\" href=\"https:\/\/freshstream.com\/fr\/freshstream-raises-over-e760-million-in-first-independent-fundraise-2\/\">\n    <div class=\"image\">\n                <picture>\n            <source media=\"(max-width:600px)\" srcset=\"https:\/\/freshstream.com\/wp-content\/uploads\/2024\/03\/beach-800x449.webp\">\n            <img loading=\"lazy\" decoding=\"async\"\n                src=\"https:\/\/freshstream.com\/wp-content\/uploads\/2024\/03\/beach-1200x674.webp\"\n                width=\"800\"\n                height=\"449\"\n                alt=\"beach\"\n                class=\"\"\n            \/>\n        <\/picture>\n            <span class=\"read-more\">\n            En savoir plus        <\/span>\n    <\/div>\n    <div class=\"inner-container\">\n        <p class=\"date\">\n            2026.03.23        <\/p>\n        <p class=\"title h5\">\n            Freshstream raises over \u20ac760 million in first independent fundraise        <\/p>\n        <p class=\"text\">\n                    <\/p>\n\n        <!-- <p class=\"button-link\"><\/p> -->\n    <\/div>\n<\/a>                        <\/div>\n                                            <div class=\"swiper-slide fade-right\">\n                            \n<a class=\"card-news card-hover\" href=\"https:\/\/freshstream.com\/fr\/freshstream-to-acquire-majority-stake-in-g2v-group\/\">\n    <div class=\"image\">\n                <picture>\n            <source media=\"(max-width:600px)\" srcset=\"https:\/\/freshstream.com\/wp-content\/uploads\/2025\/06\/product_images-shoot-mei25-botanical-wijchen-16.png-rezized.jpg-resize-x-2-e1749718979459.jpg\">\n            <img loading=\"lazy\" decoding=\"async\"\n                src=\"https:\/\/freshstream.com\/wp-content\/uploads\/2025\/06\/product_images-shoot-mei25-botanical-wijchen-16.png-rezized.jpg-resize-x-2-e1749718979459.jpg\"\n                width=\"500\"\n                height=\"750\"\n                alt=\"product_images-shoot-mei25-botanical-wijchen-16.png rezized.jpg resize x 2\"\n                class=\"\"\n            \/>\n        <\/picture>\n            <span class=\"read-more\">\n            En savoir plus        <\/span>\n    <\/div>\n    <div class=\"inner-container\">\n        <p class=\"date\">\n            2025.06.12        <\/p>\n        <p class=\"title h5\">\n            My Jewellery Partners with Freshstream to Drive International Expansion        <\/p>\n        <p class=\"text\">\n            New partnership to accelerate international growth for leading Dutch affordable jewellery and lifestyle brand        <\/p>\n\n        <!-- <p class=\"button-link\"><\/p> -->\n    <\/div>\n<\/a>                        <\/div>\n                                    <\/div>\n            <\/div>\n        <\/div>\n    <\/div>\n<\/div>\n\n<div class=\"core-content paragraph-content\">\n<p><\/p>\n<\/div>","protected":false},"excerpt":{"rendered":"","protected":false},"author":1,"featured_media":0,"parent":0,"menu_order":0,"comment_status":"closed","ping_status":"closed","template":"","meta":{"_acf_changed":false,"footnotes":""},"class_list":["post-1845","page","type-page","status-publish","hentry"],"acf":[],"_links":{"self":[{"href":"https:\/\/freshstream.com\/fr\/wp-json\/wp\/v2\/pages\/1845","targetHints":{"allow":["GET"]}}],"collection":[{"href":"https:\/\/freshstream.com\/fr\/wp-json\/wp\/v2\/pages"}],"about":[{"href":"https:\/\/freshstream.com\/fr\/wp-json\/wp\/v2\/types\/page"}],"author":[{"embeddable":true,"href":"https:\/\/freshstream.com\/fr\/wp-json\/wp\/v2\/users\/1"}],"replies":[{"embeddable":true,"href":"https:\/\/freshstream.com\/fr\/wp-json\/wp\/v2\/comments?post=1845"}],"version-history":[{"count":10,"href":"https:\/\/freshstream.com\/fr\/wp-json\/wp\/v2\/pages\/1845\/revisions"}],"predecessor-version":[{"id":2353,"href":"https:\/\/freshstream.com\/fr\/wp-json\/wp\/v2\/pages\/1845\/revisions\/2353"}],"wp:attachment":[{"href":"https:\/\/freshstream.com\/fr\/wp-json\/wp\/v2\/media?parent=1845"}],"curies":[{"name":"wp","href":"https:\/\/api.w.org\/{rel}","templated":true}]}}