{"id":1853,"date":"2024-03-11T10:24:31","date_gmt":"2024-03-11T09:24:31","guid":{"rendered":"https:\/\/freshstream.com\/about-us\/"},"modified":"2026-02-01T21:42:17","modified_gmt":"2026-02-01T20:42:17","slug":"a-propos-de-nous","status":"publish","type":"page","link":"https:\/\/freshstream.com\/fr\/a-propos-de-nous\/","title":{"rendered":"\u00c0 propos de nous"},"content":{"rendered":"\n<div class=\"block block-image-text image-right image-fit-cover\" data-name=\"Image &#038; Text\" id=\"block_a1e3b493b6afabbc71cbddb0ba89e1d8\">\n    <div class=\"image-text trigger-in-view-later\">\n        <div class=\"container\">\n                            <div class=\"image fade\">\n                            <picture>\n            <source media=\"(max-width:600px)\" srcset=\"https:\/\/freshstream.com\/wp-content\/uploads\/2024\/04\/Freshstream-About-Strategy-800x600.jpg\">\n            <img loading=\"lazy\" decoding=\"async\"\n                src=\"https:\/\/freshstream.com\/wp-content\/uploads\/2024\/04\/Freshstream-About-Strategy-1200x900.jpg\"\n                width=\"800\"\n                height=\"600\"\n                alt=\"freshstream-about-strategy\"\n                class=\"\"\n            \/>\n        <\/picture>\n                                        <\/div>\n            \n            <div class=\"text-wrapper\">\n                                    <h4 class=\"title h2 fade\">\n                        Strat\u00e9gie                    <\/h4>\n                                <div class=\"text block-text-content fade\">\n                    <p>Notre strat\u00e9gie repose sur le partenariat avec des entreprises solides et performantes en Europe occidentale, en mettant particuli\u00e8rement l\u2019accent sur le Royaume-Uni, les Pays-Bas, la France, la Belgique et l\u2019Irlande.<\/p>\n<p>Nous collaborons principalement avec des fondateurs et des familles qui recherchent un partenaire capable de les accompagner dans leur croissance sur le long terme. L\u2019un des piliers de notre approche est la flexibilit\u00e9 de nos structures de capital, optimisant l\u2019\u00e9quation risque-rendement pour toutes les parties prenantes.<\/p>\n<p>Nous accordons une attention particuli\u00e8re \u00e0 chaque entrepreneur avec lequel nous travaillons pour comprendre en profondeur son secteur, son mod\u00e8le \u00e9conomique et sa culture d\u2019entreprise. En investissant dans des entreprises de taille moyenne, nous pouvons nouer des relations fortes avec les \u00e9quipes en place, aligner les int\u00e9r\u00eats de chacun et b\u00e2tir des partenariats \u00e0 la fois efficaces et agr\u00e9ables.<\/p>\n                <\/div>\n                                <div class=\"button-wrapper fade-in\">\n                                            \n            <a class=\"button default\"\n            href=\"https:\/\/freshstream.com\/fr\/portefeuille\/\"\n            target=\"\"\n                    >\n            TOUS LES INVESTISSEMENTS\n                    <\/a>\n    \n                                                            <\/div>\n                            <\/div>\n        <\/div>\n    <\/div>\n<\/div>\n\n\n<div class=\"block block-center-text has-background-color background-color-yellow\" data-name=\"Centered text\" id=\"block_9deea33db2d6dbf38d51c8f0e55fb4f2\">\n    <div class=\"center-text\">\n        <div class=\"container\">\n            <h3 class=\"title h3\">\n                Notre histoire            <\/h3>\n            <div class=\"text block-text-content\">\n                <p>Freshstream a \u00e9t\u00e9 fond\u00e9e en tant que soci\u00e9t\u00e9 ind\u00e9pendante en 2020. Ses partenaires collaborent depuis de nombreuses ann\u00e9es au sein de fonds d\u2019investissement institutionnels de premier plan, notamment Towerbrook et Bregal Investments. <a href=\"https:\/\/freshstream.com\/fr\/team\/patrick-smulders\/\">Patrick Smulders<\/a> et <a href=\"https:\/\/freshstream.com\/fr\/equipe\/rayhan-davis\/\">Rayhan Davis<\/a> se sont d\u2019abord rencontr\u00e9s chez Soros Private Equity il y a plus de deux d\u00e9cennies avant une scission qui a donn\u00e9 naissance \u00e0 Towerbrook Capital Partners. En 2011, <a href=\"https:\/\/freshstream.com\/fr\/equipe\/adam-mclain\/\">Adam McLain<\/a> les a rejoints et ils ont ensuite commenc\u00e9 \u00e0 travailler en \u00e9troite collaboration avec <a href=\"https:\/\/freshstream.com\/fr\/equipe\/reza-fardad\/\">Reza Fardad<\/a> et <a href=\"https:\/\/freshstream.com\/fr\/equipe\/giuseppe-silvestri\/\">Giuseppe Silvestri<\/a>. De son c\u00f4t\u00e9, Lodewijk de Graauw, fort de son exp\u00e9rience entrepreneuriale, a int\u00e9gr\u00e9 l\u2019\u00e9quipe de Bregal Investments, o\u00f9 il a pris la t\u00eate des initiatives en mati\u00e8re de cr\u00e9ation de valeur et d\u2019ESG. Cette longue collaboration a fa\u00e7onn\u00e9 une culture dynamique et soud\u00e9e, qui constitue un v\u00e9ritable atout pour nos \u00e9quipes comme pour les entrepreneurs que nous accompagnons.<\/p>\n<p>L\u2019esprit d\u2019entreprise est au c\u0153ur de l\u2019ADN de Freshstream. Nos associ\u00e9s apportent chacun une exp\u00e9rience concr\u00e8te dans le lancement et le d\u00e9veloppement d\u2019entreprises rentables. Cette expertise transpara\u00eet dans chacune de nos interactions avec les fondateurs, nous permettant de comprendre les d\u00e9fis qu\u2019ils rencontrent \u00e0 chaque \u00e9tape du cycle de vie de leur entreprise. Ayant nous-m\u00eames parcouru ce chemin, nous savons ce qu\u2019il faut pour r\u00e9ussir et nous mobilisons toute notre exp\u00e9rience avec cr\u00e9ativit\u00e9 et d\u00e9termination pour aider les entreprises en croissance \u00e0 franchir un cap.<\/p>\n            <\/div>\n        <\/div>\n    <\/div>\n<\/div>\n\n\n\n<div class=\"block block-values\" data-name=\"Values\" id=\"block_7111a172f83f5b5ee66062537e6d0a70\">\n    <div class=\"values\">\n\n        <div class=\"intro container\">\n            <div class=\"col col-text\">\n                <p class=\"title h2\">\n                    Nos valeurs                <\/p>\n                <p class=\"text\">\n                    Nos valeurs sous-tendent tous les aspects de ce que nous faisons et se refl\u00e8tent dans la fa\u00e7on dont nous menons nos activit\u00e9s.                <\/p>\n            <\/div>\n            <div class=\"col col-button\">\n                            <\/div>\n        <\/div>\n\n        <div class=\"faq-container container\">\n\n\n            <div class=\"col col-image\">\n                <div class=\"image\">\n                            <picture>\n            <source media=\"(max-width:600px)\" srcset=\"https:\/\/freshstream.com\/wp-content\/uploads\/2024\/04\/Freshstream_M1A3480-800x533.jpg\">\n            <img loading=\"lazy\" decoding=\"async\"\n                src=\"https:\/\/freshstream.com\/wp-content\/uploads\/2024\/04\/Freshstream_M1A3480.jpg\"\n                width=\"800\"\n                height=\"533\"\n                alt=\"freshstream_m1a3480\"\n                class=\"\"\n            \/>\n        <\/picture>\n                    <\/div>\n            <\/div>\n\n            <div class=\"col\">\n                <div class=\"question-wrapper\">\n                                            <div class=\"question-container open\">\n                            <div class=\"question\"\n                                data-value-image=\"https:\/\/freshstream.com\/wp-content\/uploads\/2024\/04\/Freshstream_M1A3480.jpg\"\n                                data-value-image-mobile=\"https:\/\/freshstream.com\/wp-content\/uploads\/2024\/04\/Freshstream_M1A3480-800x533.jpg\">\n                                <div class=\"button-dropdown\">\n                                    <svg xmlns=\"http:\/\/www.w3.org\/2000\/svg\" width=\"12.6\" height=\"12.63\" viewBox=\"0 0 12.6 12.63\">\n\t<path id=\"Path_11813\" data-name=\"Path 11813\" d=\"M13.56-10.17a.265.265,0,0,1,.3.3v.78a.265.265,0,0,1-.3.3H8.37a.106.106,0,0,0-.12.12V-3.6a.265.265,0,0,1-.3.3H7.17a.265.265,0,0,1-.3-.3V-8.67a.106.106,0,0,0-.12-.12H1.56a.265.265,0,0,1-.3-.3v-.78a.265.265,0,0,1,.3-.3H6.75a.106.106,0,0,0,.12-.12v-5.34a.265.265,0,0,1,.3-.3h.78a.265.265,0,0,1,.3.3v5.34a.106.106,0,0,0,.12.12Z\" transform=\"translate(-1.26 15.93)\" \/>\n<\/svg>\n                                    <svg xmlns=\"http:\/\/www.w3.org\/2000\/svg\" width=\"12\" height=\"1.2\" viewBox=\"0 0 12 1.2\">\n\t<line id=\"Line_31\" data-name=\"Line 31\" x2=\"12\" transform=\"translate(0 0.6)\" fill=\"none\" stroke=\"#6d7884\" stroke-width=\"1.2\" \/>\n<\/svg>\n                                <\/div>\n                                <p class=\"question-text h6\">\n                                    Confiance                                <\/p>\n                            <\/div>\n                            <div class=\"answer\">\n                                <div class=\"answer-wrapper\">\n                                    <ul>\n<li>Nous nous engageons \u00e0 gagner la confiance des personnes qui placent leurs entreprises entre nos mains.<\/li>\n<li>Nous avons la confiance de nos investisseurs et nous nous effor\u00e7ons de prot\u00e9ger leurs investissements.<\/li>\n<li>Nous nous soutenons mutuellement en tant qu\u2019\u00e9quipe et aimons travailler ensemble.<\/li>\n<li>Nous respectons nos engagements.<\/li>\n<\/ul>\n                                <\/div>\n                            <\/div>\n                        <\/div>\n                                            <div class=\"question-container \">\n                            <div class=\"question\"\n                                data-value-image=\"https:\/\/freshstream.com\/wp-content\/uploads\/2024\/04\/Freshstream_M1A3480.jpg\"\n                                data-value-image-mobile=\"https:\/\/freshstream.com\/wp-content\/uploads\/2024\/04\/Freshstream_M1A3480-800x533.jpg\">\n                                <div class=\"button-dropdown\">\n                                    <svg xmlns=\"http:\/\/www.w3.org\/2000\/svg\" width=\"12.6\" height=\"12.63\" viewBox=\"0 0 12.6 12.63\">\n\t<path id=\"Path_11813\" data-name=\"Path 11813\" d=\"M13.56-10.17a.265.265,0,0,1,.3.3v.78a.265.265,0,0,1-.3.3H8.37a.106.106,0,0,0-.12.12V-3.6a.265.265,0,0,1-.3.3H7.17a.265.265,0,0,1-.3-.3V-8.67a.106.106,0,0,0-.12-.12H1.56a.265.265,0,0,1-.3-.3v-.78a.265.265,0,0,1,.3-.3H6.75a.106.106,0,0,0,.12-.12v-5.34a.265.265,0,0,1,.3-.3h.78a.265.265,0,0,1,.3.3v5.34a.106.106,0,0,0,.12.12Z\" transform=\"translate(-1.26 15.93)\" \/>\n<\/svg>\n                                    <svg xmlns=\"http:\/\/www.w3.org\/2000\/svg\" width=\"12\" height=\"1.2\" viewBox=\"0 0 12 1.2\">\n\t<line id=\"Line_31\" data-name=\"Line 31\" x2=\"12\" transform=\"translate(0 0.6)\" fill=\"none\" stroke=\"#6d7884\" stroke-width=\"1.2\" \/>\n<\/svg>\n                                <\/div>\n                                <p class=\"question-text h6\">\n                                    Entreprenariat                                <\/p>\n                            <\/div>\n                            <div class=\"answer\">\n                                <div class=\"answer-wrapper\">\n                                    <ul>\n<li>Nous avons des ambitions audacieuses et nous pla\u00e7ons la barre haute pour nous-m\u00eames et pour les entreprises de notre portefeuille.<\/li>\n<li>Nous sommes tenaces et savons que le succ\u00e8s s\u2019obtient rarement du premier coup.<\/li>\n<li>Nous restons concentr\u00e9s sur ce qui fait vraiment la diff\u00e9rence.<\/li>\n<li>Nous avons un penchant pour l\u2019action : en cas de doute, nous essayons toujours.<\/li>\n<\/ul>\n                                <\/div>\n                            <\/div>\n                        <\/div>\n                                            <div class=\"question-container \">\n                            <div class=\"question\"\n                                data-value-image=\"https:\/\/freshstream.com\/wp-content\/uploads\/2024\/04\/Freshstream_M1A3480.jpg\"\n                                data-value-image-mobile=\"https:\/\/freshstream.com\/wp-content\/uploads\/2024\/04\/Freshstream_M1A3480-800x533.jpg\">\n                                <div class=\"button-dropdown\">\n                                    <svg xmlns=\"http:\/\/www.w3.org\/2000\/svg\" width=\"12.6\" height=\"12.63\" viewBox=\"0 0 12.6 12.63\">\n\t<path id=\"Path_11813\" data-name=\"Path 11813\" d=\"M13.56-10.17a.265.265,0,0,1,.3.3v.78a.265.265,0,0,1-.3.3H8.37a.106.106,0,0,0-.12.12V-3.6a.265.265,0,0,1-.3.3H7.17a.265.265,0,0,1-.3-.3V-8.67a.106.106,0,0,0-.12-.12H1.56a.265.265,0,0,1-.3-.3v-.78a.265.265,0,0,1,.3-.3H6.75a.106.106,0,0,0,.12-.12v-5.34a.265.265,0,0,1,.3-.3h.78a.265.265,0,0,1,.3.3v5.34a.106.106,0,0,0,.12.12Z\" transform=\"translate(-1.26 15.93)\" \/>\n<\/svg>\n                                    <svg xmlns=\"http:\/\/www.w3.org\/2000\/svg\" width=\"12\" height=\"1.2\" viewBox=\"0 0 12 1.2\">\n\t<line id=\"Line_31\" data-name=\"Line 31\" x2=\"12\" transform=\"translate(0 0.6)\" fill=\"none\" stroke=\"#6d7884\" stroke-width=\"1.2\" \/>\n<\/svg>\n                                <\/div>\n                                <p class=\"question-text h6\">\n                                    Respect                                <\/p>\n                            <\/div>\n                            <div class=\"answer\">\n                                <div class=\"answer-wrapper\">\n                                    <ul>\n<li>Nous respectons l\u2019exp\u00e9rience et les connaissances des \u00e9quipes de direction avec lesquelles nous travaillons en partenariat.<\/li>\n<li>Nous encourageons un dialogue ouvert et respectueux, en particulier en cas de d\u00e9saccord.<\/li>\n<li>Nous valorisons l\u2019environnement et les communaut\u00e9s dans lesquelles nous op\u00e9rons et cherchons \u00e0 leur apporter une contribution positive.<\/li>\n<\/ul>\n                                <\/div>\n                            <\/div>\n                        <\/div>\n                                            <div class=\"question-container \">\n                            <div class=\"question\"\n                                data-value-image=\"https:\/\/freshstream.com\/wp-content\/uploads\/2024\/04\/Freshstream_M1A3480.jpg\"\n                                data-value-image-mobile=\"https:\/\/freshstream.com\/wp-content\/uploads\/2024\/04\/Freshstream_M1A3480-800x533.jpg\">\n                                <div class=\"button-dropdown\">\n                                    <svg xmlns=\"http:\/\/www.w3.org\/2000\/svg\" width=\"12.6\" height=\"12.63\" viewBox=\"0 0 12.6 12.63\">\n\t<path id=\"Path_11813\" data-name=\"Path 11813\" d=\"M13.56-10.17a.265.265,0,0,1,.3.3v.78a.265.265,0,0,1-.3.3H8.37a.106.106,0,0,0-.12.12V-3.6a.265.265,0,0,1-.3.3H7.17a.265.265,0,0,1-.3-.3V-8.67a.106.106,0,0,0-.12-.12H1.56a.265.265,0,0,1-.3-.3v-.78a.265.265,0,0,1,.3-.3H6.75a.106.106,0,0,0,.12-.12v-5.34a.265.265,0,0,1,.3-.3h.78a.265.265,0,0,1,.3.3v5.34a.106.106,0,0,0,.12.12Z\" transform=\"translate(-1.26 15.93)\" \/>\n<\/svg>\n                                    <svg xmlns=\"http:\/\/www.w3.org\/2000\/svg\" width=\"12\" height=\"1.2\" viewBox=\"0 0 12 1.2\">\n\t<line id=\"Line_31\" data-name=\"Line 31\" x2=\"12\" transform=\"translate(0 0.6)\" fill=\"none\" stroke=\"#6d7884\" stroke-width=\"1.2\" \/>\n<\/svg>\n                                <\/div>\n                                <p class=\"question-text h6\">\n                                    Curiosit\u00e9                                <\/p>\n                            <\/div>\n                            <div class=\"answer\">\n                                <div class=\"answer-wrapper\">\n                                    <ul>\n<li>Nous cherchons \u00e0 comprendre en profondeur les entreprises et les secteurs dans lesquels nous investissons.<\/li>\n<li>Nous aimons mettre \u00e0 l\u2019\u00e9preuve les hypoth\u00e8ses dominantes et nous adorons explorer de nouvelles m\u00e9thodes.<\/li>\n<li>Nous faisons confiance aux donn\u00e9es et aux faits, pas aux opinions.<\/li>\n<\/ul>\n                                <\/div>\n                            <\/div>\n                        <\/div>\n                                            <div class=\"question-container \">\n                            <div class=\"question\"\n                                data-value-image=\"https:\/\/freshstream.com\/wp-content\/uploads\/2024\/04\/Freshstream_M1A3480.jpg\"\n                                data-value-image-mobile=\"https:\/\/freshstream.com\/wp-content\/uploads\/2024\/04\/Freshstream_M1A3480-800x533.jpg\">\n                                <div class=\"button-dropdown\">\n                                    <svg xmlns=\"http:\/\/www.w3.org\/2000\/svg\" width=\"12.6\" height=\"12.63\" viewBox=\"0 0 12.6 12.63\">\n\t<path id=\"Path_11813\" data-name=\"Path 11813\" d=\"M13.56-10.17a.265.265,0,0,1,.3.3v.78a.265.265,0,0,1-.3.3H8.37a.106.106,0,0,0-.12.12V-3.6a.265.265,0,0,1-.3.3H7.17a.265.265,0,0,1-.3-.3V-8.67a.106.106,0,0,0-.12-.12H1.56a.265.265,0,0,1-.3-.3v-.78a.265.265,0,0,1,.3-.3H6.75a.106.106,0,0,0,.12-.12v-5.34a.265.265,0,0,1,.3-.3h.78a.265.265,0,0,1,.3.3v5.34a.106.106,0,0,0,.12.12Z\" transform=\"translate(-1.26 15.93)\" \/>\n<\/svg>\n                                    <svg xmlns=\"http:\/\/www.w3.org\/2000\/svg\" width=\"12\" height=\"1.2\" viewBox=\"0 0 12 1.2\">\n\t<line id=\"Line_31\" data-name=\"Line 31\" x2=\"12\" transform=\"translate(0 0.6)\" fill=\"none\" stroke=\"#6d7884\" stroke-width=\"1.2\" \/>\n<\/svg>\n                                <\/div>\n                                <p class=\"question-text h6\">\n                                    Humilit\u00e9                                <\/p>\n                            <\/div>\n                            <div class=\"answer\">\n                                <div class=\"answer-wrapper\">\n                                    <ul>\n<li>Nous n\u2019avons pas toutes les r\u00e9ponses : nous \u00e9coutons avant de parler.<\/li>\n<li>La r\u00e9ussite n\u2019est pas un droit : nous nous effor\u00e7ons de prouver notre valeur dans chaque interaction.<\/li>\n<li>Nous sommes prompts \u00e0 admettre nos erreurs et \u00e0 en tirer des le\u00e7ons.<\/li>\n<\/ul>\n                                <\/div>\n                            <\/div>\n                        <\/div>\n                                    <\/div>\n            <\/div>\n        <\/div>\n    <\/div>\n<\/div>","protected":false},"excerpt":{"rendered":"","protected":false},"author":1,"featured_media":0,"parent":0,"menu_order":0,"comment_status":"closed","ping_status":"closed","template":"","meta":{"_acf_changed":false,"footnotes":""},"class_list":["post-1853","page","type-page","status-publish","hentry"],"acf":[],"_links":{"self":[{"href":"https:\/\/freshstream.com\/fr\/wp-json\/wp\/v2\/pages\/1853","targetHints":{"allow":["GET"]}}],"collection":[{"href":"https:\/\/freshstream.com\/fr\/wp-json\/wp\/v2\/pages"}],"about":[{"href":"https:\/\/freshstream.com\/fr\/wp-json\/wp\/v2\/types\/page"}],"author":[{"embeddable":true,"href":"https:\/\/freshstream.com\/fr\/wp-json\/wp\/v2\/users\/1"}],"replies":[{"embeddable":true,"href":"https:\/\/freshstream.com\/fr\/wp-json\/wp\/v2\/comments?post=1853"}],"version-history":[{"count":4,"href":"https:\/\/freshstream.com\/fr\/wp-json\/wp\/v2\/pages\/1853\/revisions"}],"predecessor-version":[{"id":2357,"href":"https:\/\/freshstream.com\/fr\/wp-json\/wp\/v2\/pages\/1853\/revisions\/2357"}],"wp:attachment":[{"href":"https:\/\/freshstream.com\/fr\/wp-json\/wp\/v2\/media?parent=1853"}],"curies":[{"name":"wp","href":"https:\/\/api.w.org\/{rel}","templated":true}]}}