{"id":1855,"date":"2024-04-07T07:32:32","date_gmt":"2024-04-07T05:32:32","guid":{"rendered":"https:\/\/freshstream.com\/privacy-policy\/"},"modified":"2025-03-03T14:55:33","modified_gmt":"2025-03-03T13:55:33","slug":"politique-de-confidentialite","status":"publish","type":"page","link":"https:\/\/freshstream.com\/fr\/politique-de-confidentialite\/","title":{"rendered":"Politique de confidentialit\u00e9"},"content":{"rendered":"<div class=\"core-content heading-content\">\n<h3 class=\"wp-block-heading\">Avis de confidentialit\u00e9 du site Web Freshstream<\/h3>\n<\/div>\n\n<div class=\"core-content list-content\">\n<ol class=\"wp-block-list\">\n<li><strong><strong>Introduction<\/strong><\/strong><div class=\"core-content list-content\">\n<ol class=\"wp-block-list\">\n<li>Nous nous engageons \u00e0 prot\u00e9ger la vie priv\u00e9e des visiteurs de notre site Web et des utilisateurs de services.<\/li>\n\n\n\n<li>La pr\u00e9sente politique s\u2019applique lorsque nous agissons en tant que contr\u00f4leur de donn\u00e9es en ce qui concerne les donn\u00e9es personnelles des visiteurs de notre site Web et des utilisateurs de services; en d\u2019autres termes, lorsque nous d\u00e9terminons les finalit\u00e9s et les moyens du traitement de ces donn\u00e9es personnelles.<\/li>\n\n\n\n<li>Nous vous demanderons de consentir \u00e0 notre utilisation des cookies conform\u00e9ment aux conditions de la pr\u00e9sente politique lors de votre premi\u00e8re visite sur notre site Web.<\/li>\n<\/ol>\n<\/div><\/li>\n\n\n\n<li><strong><strong>Comment nous utilisons vos donn\u00e9es \u00e0 caract\u00e8re personnel<\/strong><\/strong><div class=\"core-content list-content\">\n<ul class=\"wp-block-list\">\n<li>Dans la pr\u00e9sente Section\u00a02, nous avons \u00e9tabli:<div class=\"core-content list-content\">\n<ul class=\"wp-block-list\">\n<li>les cat\u00e9gories g\u00e9n\u00e9rales de donn\u00e9es \u00e0 caract\u00e8re personnel que nous pouvons traiter;<\/li>\n\n\n\n<li>les finalit\u00e9s pour lesquelles nous pouvons traiter vos donn\u00e9es personnelles; et<\/li>\n\n\n\n<li>les bases juridiques du traitement.<\/li>\n<\/ul>\n<\/div><\/li>\n\n\n\n<li>Nous pouvons traiter des donn\u00e9es concernant votre utilisation de notre site Web et de nos services (\u201cdonn\u00e9es d\u2019utilisation\u201d). Les donn\u00e9es d\u2019utilisation peuvent inclure votre adresse IP, votre emplacement g\u00e9ographique, le type et la version de votre navigateur, votre syst\u00e8me d\u2019exploitation, la source de r\u00e9f\u00e9rence, la dur\u00e9e de la visite, les pages consult\u00e9es et les parcours de navigation du site Web, ainsi que des informations sur le moment, la fr\u00e9quence et le mod\u00e8le de votre utilisation des services. La source des donn\u00e9es d\u2019utilisation est notre syst\u00e8me de suivi analytique. Ces donn\u00e9es d\u2019utilisation peuvent \u00eatre trait\u00e9es dans le but d\u2019analyser l\u2019utilisation du site Web et des services. Le fondement juridique de ce traitement est notre int\u00e9r\u00eat l\u00e9gitime, \u00e0 savoir le suivi et l\u2019am\u00e9lioration de notre site Web et de nos services.<\/li>\n<\/ul>\n<\/div><\/li>\n\n\n\n<li><strong><strong>Communication des donn\u00e9es \u00e0 caract\u00e8re personnel vous concernant \u00e0 des tiers<\/strong><\/strong><div class=\"core-content list-content\">\n<ol class=\"wp-block-list\">\n<li>Dans la mesure o\u00f9 cela est raisonnablement n\u00e9cessaire aux finalit\u00e9s et sur les bases juridiques \u00e9nonc\u00e9es dans la pr\u00e9sente politique, nous pouvons divulguer vos donn\u00e9es \u00e0 caract\u00e8re personnel \u00e0<br>(i)\u00a0tout membre de notre groupe d\u2019entreprises (c\u2019est-\u00e0-dire nos filiales, notre soci\u00e9t\u00e9 de portefeuille ultime et toutes ses filiales); et <br>(ii)\u00a0tout fournisseur de services tiers ou partenaire commercial sur lequel nous comptons pour fournir nos services.<\/li>\n\n\n\n<li>En plus des divulgations sp\u00e9cifiques de donn\u00e9es \u00e0 caract\u00e8re personnel \u00e9nonc\u00e9es dans la pr\u00e9sente section\u00a03, nous pouvons divulguer vos donn\u00e9es \u00e0 caract\u00e8re personnel lorsque cette divulgation est n\u00e9cessaire au respect d\u2019une obligation l\u00e9gale \u00e0 laquelle nous sommes soumis, ou afin de prot\u00e9ger vos int\u00e9r\u00eats vitaux ou les int\u00e9r\u00eats vitaux d\u2019une autre personne physique. Nous pouvons \u00e9galement divulguer vos donn\u00e9es personnelles lorsqu\u2019une telle divulgation est n\u00e9cessaire pour l\u2019\u00e9tablissement, l\u2019exercice ou la d\u00e9fense de r\u00e9clamations l\u00e9gales, que ce soit dans une proc\u00e9dure judiciaire ou dans une proc\u00e9dure administrative ou extrajudiciaire.<\/li>\n<\/ol>\n<\/div><\/li>\n\n\n\n<li><strong><strong>Conservation et suppression des donn\u00e9es \u00e0 caract\u00e8re personnel<\/strong><\/strong><div class=\"core-content list-content\">\n<ol class=\"wp-block-list\">\n<li>La pr\u00e9sente section\u00a04 d\u00e9finit nos politiques et notre proc\u00e9dure de conservation des donn\u00e9es, qui sont con\u00e7ues pour nous aider \u00e0 nous conformer \u00e0 nos obligations l\u00e9gales en mati\u00e8re de conservation et de suppression des donn\u00e9es \u00e0 caract\u00e8re personnel.<\/li>\n\n\n\n<li>Les donn\u00e9es \u00e0 caract\u00e8re personnel que nous traitons \u00e0 une ou plusieurs fins ne sont pas conserv\u00e9es plus longtemps que n\u00e9cessaire pour cette ou ces fins.<\/li>\n\n\n\n<li>Nonobstant les autres dispositions de la pr\u00e9sente Section\u00a04, nous pouvons conserver vos donn\u00e9es \u00e0 caract\u00e8re personnel lorsque cette conservation est n\u00e9cessaire au respect d\u2019une obligation l\u00e9gale \u00e0 laquelle nous sommes soumis, ou pour prot\u00e9ger vos int\u00e9r\u00eats vitaux ou ceux d\u2019une autre personne physique.<\/li>\n<\/ol>\n<\/div><\/li>\n\n\n\n<li><strong><strong>Modifications<\/strong><\/strong><div class=\"core-content list-content\">\n<ol class=\"wp-block-list\">\n<li>Nous pouvons mettre \u00e0 jour la pr\u00e9sente politique de temps \u00e0 autre en publiant une nouvelle version sur notre site Web.<\/li>\n\n\n\n<li>Nous vous conseillons donc de consulter cette page occasionnellement pour vous assurer que vous \u00eates satisfait de toute modification apport\u00e9e \u00e0 la pr\u00e9sente politique.<\/li>\n<\/ol>\n<\/div><\/li>\n\n\n\n<li><strong><strong>Vos droits<\/strong><\/strong><div class=\"core-content list-content\">\n<ol class=\"wp-block-list\">\n<li>Dans le pr\u00e9sent paragraphe\u00a06, nous avons r\u00e9sum\u00e9 les droits que vous avez en vertu de la loi sur la protection des donn\u00e9es. Certains droits sont complexes et tous les d\u00e9tails n\u2019ont pas \u00e9t\u00e9 inclus dans nos r\u00e9sum\u00e9s. Par cons\u00e9quent, nous vous invitons \u00e0 lire les lois concern\u00e9es et les conseils des autorit\u00e9s r\u00e9glementaires pour une explication compl\u00e8te de ces droits.<\/li>\n\n\n\n<li>Vos principaux droits en vertu de la loi sur la protection des donn\u00e9es sont les suivants:<div class=\"core-content list-content\">\n<ul class=\"wp-block-list\">\n<li>le droit de s\u2019opposer \u00e0 tout traitement;<\/li>\n\n\n\n<li>le droit d\u2019acc\u00e8s;<\/li>\n\n\n\n<li>le droit de rectification;<\/li>\n\n\n\n<li>le droit \u00e0 l\u2019effacement;<\/li>\n\n\n\n<li>le droit \u00e0 la limitation du traitement des donn\u00e9es;<\/li>\n\n\n\n<li>le droit \u00e0 la portabilit\u00e9 des donn\u00e9es;<\/li>\n\n\n\n<li>le droit de porter plainte aupr\u00e8s d\u2019une autorit\u00e9 de contr\u00f4le; et<\/li>\n\n\n\n<li>le droit de retrait du consentement.<\/li>\n<\/ul>\n<\/div><\/li>\n\n\n\n<li>Vous avez le droit de vous opposer \u00e0 notre traitement de vos donn\u00e9es personnelles pour des motifs li\u00e9s \u00e0 votre situation particuli\u00e8re, mais uniquement dans la mesure o\u00f9 la base juridique du traitement est que le traitement est n\u00e9cessaire \u00e0\u00a0: l\u2019ex\u00e9cution d\u2019une t\u00e2che effectu\u00e9e dans l\u2019int\u00e9r\u00eat public ou dans l\u2019exercice de toute autorit\u00e9 officielle qui nous est d\u00e9volue\u00a0; ou les objectifs des int\u00e9r\u00eats l\u00e9gitimes poursuivis par nous ou par un tiers. Si vous faites une telle objection, nous cesserons de traiter les informations \u00e0 caract\u00e8re personnel, sauf si nous pouvons d\u00e9montrer des motifs l\u00e9gitimes imp\u00e9rieux pour le traitement qui l\u2019emportent sur vos int\u00e9r\u00eats, vos droits et vos libert\u00e9s, ou si le traitement est destin\u00e9 \u00e0 la constatation, l\u2019exercice ou la d\u00e9fense de droits l\u00e9gaux.<\/li>\n\n\n\n<li>Pour autant que les droits et libert\u00e9s d\u2019autrui ne soient pas affect\u00e9s, nous vous fournirons une copie des donn\u00e9es \u00e0 caract\u00e8re personnel vous concernant. La premi\u00e8re copie sera fournie gratuitement, mais les copies suppl\u00e9mentaires pourront faire l\u2019objet de frais raisonnables.<\/li>\n\n\n\n<li>Vous avez le droit de faire rectifier toute donn\u00e9e personnelle inexacte \u00e0 votre sujet et, compte tenu des finalit\u00e9s du traitement, de faire compl\u00e9ter toute donn\u00e9e personnelle incompl\u00e8te vous concernant.<\/li>\n\n\n\n<li>Dans certaines circonstances, vous avez le droit \u00e0 l\u2019effacement de vos donn\u00e9es \u00e0 caract\u00e8re personnel sans retard excessif. Ces circonstances comprennent: les donn\u00e9es personnelles ne sont plus n\u00e9cessaires par rapport aux finalit\u00e9s pour lesquelles elles ont \u00e9t\u00e9 collect\u00e9es ou trait\u00e9es ; vous retirez votre consentement au traitement fond\u00e9 sur le consentement ; vous vous opposez au traitement en vertu de certaines r\u00e8gles de la loi applicable sur la protection des donn\u00e9es ; le traitement est \u00e0 des fins de marketing direct; et les donn\u00e9es personnelles ont \u00e9t\u00e9 ill\u00e9galement trait\u00e9es. Cependant, il y a des exclusions du droit \u00e0 l\u2019effacement. Les exclusions g\u00e9n\u00e9rales comprennent les cas o\u00f9 le traitement est n\u00e9cessaire: pour l\u2019exercice du droit \u00e0 la libert\u00e9 d\u2019expression et d\u2019information; pour le respect d\u2019une obligation l\u00e9gale; ou pour l\u2019\u00e9tablissement, l\u2019exercice ou la d\u00e9fense de r\u00e9clamations juridiques.<\/li>\n\n\n\n<li>Dans certaines circonstances, vous avez le droit de limiter le traitement des donn\u00e9es \u00e0 caract\u00e8re personnel vous concernant. Ces circonstances sont les suivantes: vous contestez l\u2019exactitude des donn\u00e9es \u00e0 caract\u00e8re personnel; le traitement est illicite mais vous vous opposez \u00e0 l\u2019effacement; nous n\u2019avons plus besoin des donn\u00e9es \u00e0 caract\u00e8re personnel aux fins de notre traitement, mais vous avez besoin des donn\u00e9es \u00e0 caract\u00e8re personnel pour l\u2019\u00e9tablissement, l\u2019exercice ou la d\u00e9fense de r\u00e9clamations juridiques; et vous vous \u00eates oppos\u00e9 au traitement, en attendant la v\u00e9rification de cette contestation. Lorsque le traitement a \u00e9t\u00e9 limit\u00e9 sur cette base, nous pouvons continuer \u00e0 stocker des donn\u00e9es \u00e0 caract\u00e8re personnel vous concernant. Toutefois, nous les traiterons autrement uniquement dans les cas suivants: avec votre consentement; pour la constatation, l\u2019exercice ou la d\u00e9fense de droits en justice; pour la protection des droits d\u2019une autre personne physique ou morale; ou pour des raisons d\u2019int\u00e9r\u00eat public important.<\/li>\n\n\n\n<li>Vous avez le droit de vous opposer \u00e0 notre traitement de donn\u00e9es \u00e0 caract\u00e8re personnel vous concernant \u00e0 des fins de marketing direct (y compris le profilage \u00e0 des fins de marketing direct). Si vous faites une telle objection, nous cesserons de traiter les donn\u00e9es \u00e0 caract\u00e8re personnel vous concernant \u00e0 cette fin.<\/li>\n\n\n\n<li>Vous avez le droit de vous opposer \u00e0 notre traitement de vos donn\u00e9es personnelles \u00e0 des fins de recherche scientifique ou historique ou \u00e0 des fins statistiques pour des raisons li\u00e9es \u00e0 votre situation particuli\u00e8re, sauf si le traitement est n\u00e9cessaire \u00e0 l\u2019ex\u00e9cution d\u2019une t\u00e2che effectu\u00e9e pour des raisons d\u2019int\u00e9r\u00eat public.<\/li>\n\n\n\n<li>Dans la mesure o\u00f9 la base l\u00e9gale pour le traitement de vos donn\u00e9es personnelles est:<div class=\"core-content list-content\">\n<ul class=\"wp-block-list\">\n<li>le consentement; ou<\/li>\n\n\n\n<li>que le traitement est n\u00e9cessaire \u00e0 l\u2019ex\u00e9cution d\u2019un contrat auquel vous \u00eates partie ou afin de prendre des mesures \u00e0 votre demande avant de conclure un contrat, et que ce traitement est effectu\u00e9 par des moyens automatis\u00e9s, vous avez le droit de recevoir vos donn\u00e9es \u00e0 caract\u00e8re personnel de notre part dans un format structur\u00e9, couramment utilis\u00e9 et lisible par machine. Toutefois, ce droit ne s\u2019applique pas lorsqu\u2019il porte atteinte aux droits et aux libert\u00e9s d\u2019autrui.<\/li>\n<\/ul>\n<\/div><\/li>\n\n\n\n<li>Si vous consid\u00e9rez que le traitement que nous faisons de vos informations \u00e0 caract\u00e8re personnel enfreint les lois sur la protection des donn\u00e9es, vous avez le droit de d\u00e9poser une plainte aupr\u00e8s d\u2019une autorit\u00e9 de contr\u00f4le responsable de la protection des donn\u00e9es. Vous pouvez le faire au Royaume-Uni ou dans l\u2019\u00c9tat membre de l\u2019UE de votre r\u00e9sidence habituelle, de votre lieu de travail ou du lieu de l\u2019infraction pr\u00e9sum\u00e9e. Si vous \u00eates un r\u00e9sident du Royaume-Uni, vous pouvez adresser vos questions ou pr\u00e9occupations au UK Information\u00a0Commissioner\u2019s\u00a0Office.<\/li>\n\n\n\n<li>Dans la mesure o\u00f9 le fondement juridique de notre traitement des informations \u00e0 caract\u00e8re personnel vous concernant est le consentement, vous avez le droit de retirer ce consentement \u00e0 tout moment. Le retrait n\u2019affectera pas la lic\u00e9it\u00e9 du traitement avant le retrait.<\/li>\n\n\n\n<li>Vous pouvez exercer tous vos droits en relation avec vos donn\u00e9es personnelles en nous envoyant un avis \u00e9crit.<\/li>\n<\/ol>\n<\/div><\/li>\n\n\n\n<li><strong><strong>\u00c0 propos des cookies<\/strong><\/strong><div class=\"core-content list-content\">\n<ol class=\"wp-block-list\">\n<li>Un cookie est un fichier contenant un identifiant (une cha\u00eene de lettres et de chiffres) envoy\u00e9 par un serveur Web \u00e0 un navigateur Web, et stock\u00e9 par le navigateur. L\u2019identifiant est ensuite renvoy\u00e9 au serveur chaque fois que le navigateur demande une page au serveur.<\/li>\n\n\n\n<li>Les cookies peuvent \u00eatre des cookies \u201cpersistants\u201d ou des cookies \u201cde session\u201d: un cookie persistant sera stock\u00e9 par un navigateur Web et restera valide jusqu\u2019\u00e0 la date d\u2019expiration fix\u00e9e, \u00e0 moins que l\u2019utilisateur ne le supprime avant cette date; un cookie de session, en revanche, expirera \u00e0 la fin de la session de l\u2019utilisateur, lorsque le navigateur Web sera ferm\u00e9.<\/li>\n\n\n\n<li>Les cookies ne contiennent g\u00e9n\u00e9ralement aucune information permettant d\u2019identifier personnellement un utilisateur, toutefois les informations personnelles que nous stockons \u00e0 votre sujet peuvent \u00eatre li\u00e9es aux informations stock\u00e9es et obtenues \u00e0 partir des cookies.<\/li>\n<\/ol>\n<\/div><\/li>\n\n\n\n<li><strong>Les cookies que nous utilisons<\/strong><br>Nous utilisons des cookies aux fins suivantes:<div class=\"core-content list-content\">\n<ul class=\"wp-block-list\">\n<li>consentement aux cookies \u2013\u00a0nous utilisons des cookies pour stocker vos pr\u00e9f\u00e9rences par rapport \u00e0 l\u2019utilisation des cookies plus g\u00e9n\u00e9ralement (les cookies utilis\u00e9s \u00e0 cette fin sont: cookieconsent_status).<\/li>\n<\/ul>\n<\/div><\/li>\n\n\n\n<li><strong><strong>Cookies utilis\u00e9s par nos prestataires de services<\/strong><\/strong><div class=\"core-content list-content\">\n<ul class=\"wp-block-list\">\n<li>Nos prestataires de services utilisent des cookies et ceux-ci peuvent \u00eatre stock\u00e9s sur votre ordinateur lorsque vous visitez notre site Web.<\/li>\n\n\n\n<li>Nous utilisons Google\u00a0Analytics pour analyser l\u2019utilisation de notre site Web. Google\u00a0Analytics collecte des informations sur l\u2019utilisation du site Web au moyen de cookies. Les informations relatives \u00e0 notre site ainsi rassembl\u00e9es sont utilis\u00e9es pour cr\u00e9er des rapports sur l\u2019utilisation de notre site Web. La politique de confidentialit\u00e9 de Google est disponible sur\u00a0: <a href=\"https:\/\/www.google.com\/policies\/privacy\/\" target=\"_blank\" rel=\"noreferrer noopener\">https:\/\/www.google.com\/policies\/privacy\/<\/a>. Les cookies pertinents sont: _ga, _gat, _gid.<\/li>\n<\/ul>\n<\/div><\/li>\n\n\n\n<li><strong><strong>Gestion des cookies<\/strong><\/strong><div class=\"core-content list-content\">\n<ul class=\"wp-block-list\">\n<li>La plupart des navigateurs vous permettent de refuser d\u2019accepter les cookies et de supprimer les cookies. Les m\u00e9thodes pour y parvenir varient d\u2019un navigateur \u00e0 l\u2019autre, et d\u2019une version \u00e0 l\u2019autre. Vous pouvez cependant obtenir des informations \u00e0 jour sur le blocage et la suppression des cookies via ces liens:<div class=\"core-content list-content\">\n<ol class=\"wp-block-list\">\n<li><a href=\"https:\/\/support.google.com\/chrome\/answer\/95647?hl=en\">https:\/\/support.google.com\/chrome\/answer\/95647?hl=en<\/a>(Chrome);<\/li>\n\n\n\n<li><a href=\"https:\/\/support.mozilla.org\/en-US\/kb\/enable-and-disable-cookies-website-preferences\">https:\/\/support.mozilla.org\/en-US\/kb\/enable-and-disable-cookies-website-preferences<\/a>(Firefox);<\/li>\n\n\n\n<li><a href=\"http:\/\/www.opera.com\/help\/tutorials\/security\/cookies\/\">http:\/\/www.opera.com\/help\/tutorials\/security\/cookies\/<\/a>(Opera);<\/li>\n\n\n\n<li><a href=\"https:\/\/support.microsoft.com\/en-gb\/help\/17442\/windows-internet-explorer-delete-manage-cookies\">https:\/\/support.microsoft.com\/en-gb\/help\/17442\/windows-internet-explorer-delete-manage-cookies<\/a>(Internet Explorer);<\/li>\n\n\n\n<li><a href=\"https:\/\/support.apple.com\/kb\/PH21411\">https:\/\/support.apple.com\/kb\/PH21411<\/a>(Safari); et<\/li>\n\n\n\n<li><a href=\"https:\/\/privacy.microsoft.com\/en-us\/windows-10-microsoft-edge-and-privacy\">https:\/\/privacy.microsoft.com\/en-us\/windows-10-microsoft-edge-and-privacy<\/a>(Edge).<\/li>\n\n\n\n<li>Bloquer tous les cookies aura un impact n\u00e9gatif sur la convivialit\u00e9 de nombreux sites Web.<\/li>\n\n\n\n<li>Si vous bloquez les cookies, vous ne serez pas en mesure de b\u00e9n\u00e9ficier de toutes les fonctionnalit\u00e9s de notre site Web.<\/li>\n<\/ol>\n<\/div><\/li>\n<\/ul>\n<\/div><\/li>\n\n\n\n<li><strong><strong>Nos coordonn\u00e9es<\/strong><\/strong><div class=\"core-content list-content\">\n<ul class=\"wp-block-list\">\n<li>Ce site Web est d\u00e9tenu et exploit\u00e9 par Freshstream\u00a0Investment\u00a0Partners\u00a0LLP. Si vous avez des questions ou des plaintes concernant la pr\u00e9sente politique, veuillez nous contacter par e-mail \u00e0 l\u2019adresse <a href=\"mailto:contact@freshstream.com\" target=\"_blank\" rel=\"noreferrer noopener\">contact@freshstream.com<\/a>.<\/li>\n<\/ul>\n<\/div><\/li>\n<\/ol>\n<\/div>","protected":false},"excerpt":{"rendered":"<p>Avis de confidentialit\u00e9 du site Web Freshstream<\/p>\n","protected":false},"author":1,"featured_media":0,"parent":0,"menu_order":0,"comment_status":"closed","ping_status":"closed","template":"","meta":{"_acf_changed":false,"footnotes":""},"class_list":["post-1855","page","type-page","status-publish","hentry"],"acf":[],"_links":{"self":[{"href":"https:\/\/freshstream.com\/fr\/wp-json\/wp\/v2\/pages\/1855","targetHints":{"allow":["GET"]}}],"collection":[{"href":"https:\/\/freshstream.com\/fr\/wp-json\/wp\/v2\/pages"}],"about":[{"href":"https:\/\/freshstream.com\/fr\/wp-json\/wp\/v2\/types\/page"}],"author":[{"embeddable":true,"href":"https:\/\/freshstream.com\/fr\/wp-json\/wp\/v2\/users\/1"}],"replies":[{"embeddable":true,"href":"https:\/\/freshstream.com\/fr\/wp-json\/wp\/v2\/comments?post=1855"}],"version-history":[{"count":4,"href":"https:\/\/freshstream.com\/fr\/wp-json\/wp\/v2\/pages\/1855\/revisions"}],"predecessor-version":[{"id":2193,"href":"https:\/\/freshstream.com\/fr\/wp-json\/wp\/v2\/pages\/1855\/revisions\/2193"}],"wp:attachment":[{"href":"https:\/\/freshstream.com\/fr\/wp-json\/wp\/v2\/media?parent=1855"}],"curies":[{"name":"wp","href":"https:\/\/api.w.org\/{rel}","templated":true}]}}