{"id":2079,"date":"2025-02-11T13:06:08","date_gmt":"2025-02-11T12:06:08","guid":{"rendered":"https:\/\/freshstream.com\/legal-regulatory-4\/"},"modified":"2025-03-03T14:14:14","modified_gmt":"2025-03-03T13:14:14","slug":"sfdr-disclosures","status":"publish","type":"page","link":"https:\/\/freshstream.com\/fr\/sfdr-disclosures\/","title":{"rendered":"Divulgation SFDR"},"content":{"rendered":"<div class=\"core-content heading-content\">\n<h4 class=\"wp-block-heading\">Freshstream Investment Partners LLP<br>Divulgation SFDR<br>Ao\u00fbt 2024<\/h4>\n<\/div>\n\n<div class=\"core-content heading-content\">\n<h3 class=\"wp-block-heading\">C<strong>ompliance with the SFDR regulation <\/strong><\/h3>\n<\/div>\n\n<div class=\"core-content paragraph-content\">\n<p><strong>Article 4: Consideration of Principal Adverse Impacts (PAIs) at the entity level<\/strong><\/p>\n<\/div>\n\n<div class=\"core-content paragraph-content\">\n<p>Freshstream takes sustainability and ESG very seriously, including through consideration of adverse impacts of an investment as part of its investment process; however, Freshstream does not consider the principal adverse impacts of its investment decisions on sustainability factors in the manner prescribed by Article 4 of the SFDR. Freshstream is not currently in a position to obtain and\/or measure all the data that it would be required by the SFDR to report on this basis, or to do so systematically, consistently, and at a reasonable cost. Freshstream does, however, monitor the SFDR\u2019s principal adverse impacts indicators within the portfolio companies of its funds as part of the firm\u2019s integrated approach to ESG. Freshstream believes that our existing due diligence processes and Responsible Investment Policy are appropriate for the investment strategies of our funds. We do and will continue to monitor regulatory developments, including with respect to the SFDR, and where required will make changes to our existing policies and procedures if appropriate.<\/p>\n<\/div>\n\n<div class=\"core-content paragraph-content\">\n<p><strong>Article 5: Integration of sustainability factors in the remuneration policy at the entity level<\/strong><\/p>\n<\/div>\n\n<div class=\"core-content paragraph-content\">\n<p>Freshstream pays its staff a combination of fixed remuneration, which takes into consideration a variety of qualitative and quantitative factors, including sustainability, as described above.<\/p>\n<\/div>\n\n<div class=\"core-content heading-content\">\n<h3 class=\"wp-block-heading\">Gouvernance et supervision<\/h3>\n<\/div>\n\n<div class=\"core-content paragraph-content\">\n<p>Le Comit\u00e9 de direction est responsable de la d\u00e9finition et de la supervision de la mise en \u0153uvre des <a href=\"https:\/\/freshstream.com\/fr\/a-propos-de-nous\/\" data-type=\"page\" data-id=\"1853\">pratiques de Freshstream<\/a>. Afin de s\u2019acquitter de ses responsabilit\u00e9s, le Comit\u00e9 de direction:<\/p>\n<\/div>\n\n<div class=\"core-content list-content\">\n<ul class=\"wp-block-list\">\n<li>Est dot\u00e9 d\u2019un personnel appropri\u00e9 pour lui permettre d\u2019exercer un jugement comp\u00e9tent et ind\u00e9pendant sur les pratiques de r\u00e9mun\u00e9ration et les incitations cr\u00e9\u00e9es pour la gestion du risque, du capital et de la liquidit\u00e9.<\/li>\n\n\n\n<li>Pr\u00e9pare les d\u00e9cisions concernant la r\u00e9mun\u00e9ration, y compris les d\u00e9cisions qui ont des implications pour le risque et la gestion des risques de la Soci\u00e9t\u00e9.<\/li>\n\n\n\n<li>S\u2019assure que les pratiques de r\u00e9mun\u00e9ration de la Soci\u00e9t\u00e9 prennent en compte l\u2019int\u00e9r\u00eat public et les int\u00e9r\u00eats \u00e0 long terme des actionnaires, des investisseurs et des autres parties prenantes de la Soci\u00e9t\u00e9.<\/li>\n\n\n\n<li>S\u2019assure que la pratique globale de r\u00e9mun\u00e9ration est coh\u00e9rente avec la strat\u00e9gie commerciale, les objectifs, les valeurs et les int\u00e9r\u00eats de la Soci\u00e9t\u00e9 et de ses clients.<\/li>\n<\/ul>\n<\/div>\n\n<div class=\"core-content paragraph-content\">\n<p>Les pratiques de r\u00e9mun\u00e9ration de Freshstream sont revues chaque ann\u00e9e par le Comit\u00e9 de direction.<\/p>\n<\/div>\n\n<div class=\"core-content heading-content\">\n<h3 class=\"wp-block-heading\">Divulgation quantitative de la r\u00e9mun\u00e9ration<\/h3>\n<\/div>\n\n<div class=\"core-content paragraph-content\">\n<p>Pour l\u2019exercice clos au 31 mars 2023, le montant total de la r\u00e9mun\u00e9ration accord\u00e9e \u00e0 l\u2019ensemble du personnel \u00e9tait de 3,6 millions de livres sterling. Le rapport entre la composante fixe et variable (y compris le bonus) est d\u2019environ 2:1. \u00c0 ces fins, le \u201cpersonnel\u201d est d\u00e9fini au sens large et comprend, par exemple, les employ\u00e9s de la Soci\u00e9t\u00e9 elle-m\u00eame, y compris ses bureaux \u00e0 l\u2019\u00e9tranger, et tous les partenaires salari\u00e9s de la Soci\u00e9t\u00e9.<\/p>\n<\/div>","protected":false},"excerpt":{"rendered":"<p>Freshstream Investment Partners LLPDivulgation SFDRAo\u00fbt 2024 Compliance with the SFDR regulation Article 4: Consideration of Principal Adverse Impacts (PAIs) at the entity level Freshstream takes sustainability and ESG very seriously, including through consideration of adverse impacts of an investment as part of its investment process; however, Freshstream does not consider the principal adverse impacts of [&hellip;]<\/p>\n","protected":false},"author":1,"featured_media":0,"parent":0,"menu_order":0,"comment_status":"closed","ping_status":"closed","template":"","meta":{"_acf_changed":false,"footnotes":""},"class_list":["post-2079","page","type-page","status-publish","hentry"],"acf":[],"_links":{"self":[{"href":"https:\/\/freshstream.com\/fr\/wp-json\/wp\/v2\/pages\/2079","targetHints":{"allow":["GET"]}}],"collection":[{"href":"https:\/\/freshstream.com\/fr\/wp-json\/wp\/v2\/pages"}],"about":[{"href":"https:\/\/freshstream.com\/fr\/wp-json\/wp\/v2\/types\/page"}],"author":[{"embeddable":true,"href":"https:\/\/freshstream.com\/fr\/wp-json\/wp\/v2\/users\/1"}],"replies":[{"embeddable":true,"href":"https:\/\/freshstream.com\/fr\/wp-json\/wp\/v2\/comments?post=2079"}],"version-history":[{"count":4,"href":"https:\/\/freshstream.com\/fr\/wp-json\/wp\/v2\/pages\/2079\/revisions"}],"predecessor-version":[{"id":2180,"href":"https:\/\/freshstream.com\/fr\/wp-json\/wp\/v2\/pages\/2079\/revisions\/2180"}],"wp:attachment":[{"href":"https:\/\/freshstream.com\/fr\/wp-json\/wp\/v2\/media?parent=2079"}],"curies":[{"name":"wp","href":"https:\/\/api.w.org\/{rel}","templated":true}]}}